{"id":4687,"date":"2020-03-26T17:52:15","date_gmt":"2020-03-26T17:52:15","guid":{"rendered":"https:\/\/rolandoandrade.com\/consultaonline\/"},"modified":"2020-03-26T17:52:15","modified_gmt":"2020-03-26T17:52:15","slug":"consultaonline","status":"publish","type":"page","link":"https:\/\/rolandoandrade.com\/en\/consultaonline\/","title":{"rendered":"Consulta Online"},"content":{"rendered":"<div class=\"wpb-content-wrapper\"><p>[:pt][vc_row css=&#8221;.vc_custom_1468920572121{padding-bottom: 80px !important;}&#8221;][vc_column width=&#8221;1\/6&#8243;][\/vc_column][vc_column width=&#8221;2\/3&#8243; css=&#8221;.vc_custom_1483095494429{padding-right: 4% !important;}&#8221;][vc_empty_space height=&#8221;48px&#8221;]<div class=\"mkd-unordered-list \" >\n<h4 style=\"color: #a6ce39;\">Consulta Online<\/h4>\n<p>&nbsp; &nbsp; &nbsp; A consulta online \u00e9 uma modalidade de atendimento em Psicologia, que faz uso das potencialidades da Internet. A principal vantagem deste tipo de atendimento tem a ver com o facto de ultrapassar as barreiras da dist\u00e2ncia ou dos impedimentos f\u00edsicos de desloca\u00e7\u00e3o. Principalmente na \u00faltima d\u00e9cada, este tipo de consulta tem sido alvo de v\u00e1rios estudos cient\u00edficos e \u00e9 comprovadamente eficaz, e por isso validada, aceite e enquadrada legalmente a n\u00edvel internacional pelas entidades competentes (<a href=\"https:\/\/eur03.safelinks.protection.outlook.com\/?url=http%3A%2F%2Fismho.org%2F%3Ffbclid%3DIwAR1CMWLCglegyiqrtF2ZTjeaRiciXoqDxxdHnbD2JINWblhZFOmfLnxg_8Y&amp;data=02%7C01%7C%7C9144262288574263344f08d7cf37afa4%7Ced891ff1c0eb4080aa8a75521b3a3a04%7C0%7C0%7C637205710398361576&amp;sdata=CYcjgPp0lVdicE7uUGk5DXdEkUqvCrMzp9pQ4Q09yvI%3D&amp;reserved=0\" target=\"_blank\" rel=\"noopener noreferrer\" data-auth=\"NotApplicable\">http:\/\/ismho.org\/<\/a>). Os actuais recursos tecnol\u00f3gicos garantem a confidencialidade das consultas, estando esta pr\u00e1tica devidamente enquadrada pelas Sociedades Cient\u00edficas. Por isso n\u00e3o hesite e marque a sua consulta. Tamb\u00e9m dispon\u00edvel para Portugueses residentes no estrangeiro. Contacte-nos atrav\u00e9s do email&nbsp;<a href=\"mailto:rolando.andrade@rolandoandrade.com\" target=\"_blank\" rel=\"noopener noreferrer\" data-auth=\"NotApplicable\">rolando.andrade@rolandoandrade.com<\/a><\/p>\n<\/div>[\/vc_column][vc_column width=&#8221;1\/6&#8243;][\/vc_column][\/vc_row][:]<\/p>\n\n\n<p><\/p>\n<\/div>","protected":false},"excerpt":{"rendered":"<p>[:pt][vc_row css=&#8221;.vc_custom_1468920572121{padding-bottom: 80px !important;}&#8221;][vc_column width=&#8221;1\/6&#8243;][\/vc_column][vc_column width=&#8221;2\/3&#8243; css=&#8221;.vc_custom_1483095494429{padding-right: 4% !important;}&#8221;][vc_empty_space height=&#8221;48px&#8221;][\/vc_column][vc_column width=&#8221;1\/6&#8243;][\/vc_column][\/vc_row][:]<\/p>\n","protected":false},"author":4,"featured_media":0,"parent":0,"menu_order":0,"comment_status":"closed","ping_status":"closed","template":"","meta":{"footnotes":"","_links_to":"","_links_to_target":""},"class_list":["post-4687","page","type-page","status-publish","hentry"],"yoast_head":"<!-- This site is optimized with the Yoast SEO plugin v26.9 - https:\/\/yoast.com\/product\/yoast-seo-wordpress\/ -->\n<title>Consulta Online - Rolando Andrade<\/title>\n<meta name=\"robots\" content=\"index, follow, max-snippet:-1, max-image-preview:large, max-video-preview:-1\" \/>\n<link rel=\"canonical\" href=\"https:\/\/rolandoandrade.com\/en\/consultaonline\/\" \/>\n<meta property=\"og:locale\" content=\"en_US\" \/>\n<meta property=\"og:type\" content=\"article\" \/>\n<meta property=\"og:title\" content=\"Consulta Online - Rolando Andrade\" \/>\n<meta property=\"og:description\" content=\"[:pt][vc_row css=&#8221;.vc_custom_1468920572121{padding-bottom: 80px !important;}&#8221;][vc_column width=&#8221;1\/6&#8243;][\/vc_column][vc_column width=&#8221;2\/3&#8243; css=&#8221;.vc_custom_1483095494429{padding-right: 4% !important;}&#8221;][vc_empty_space height=&#8221;48px&#8221;][\/vc_column][vc_column width=&#8221;1\/6&#8243;][\/vc_column][\/vc_row][:]\" \/>\n<meta property=\"og:url\" content=\"https:\/\/rolandoandrade.com\/en\/consultaonline\/\" \/>\n<meta property=\"og:site_name\" content=\"Rolando Andrade\" \/>\n<meta property=\"article:publisher\" content=\"https:\/\/www.facebook.com\/psirolandoandrade\/\" \/>\n<meta name=\"twitter:card\" content=\"summary_large_image\" \/>\n<meta name=\"twitter:label1\" content=\"Est. reading time\" \/>\n\t<meta name=\"twitter:data1\" content=\"1 minute\" \/>\n<script type=\"application\/ld+json\" class=\"yoast-schema-graph\">{\"@context\":\"https:\/\/schema.org\",\"@graph\":[{\"@type\":\"WebPage\",\"@id\":\"https:\/\/rolandoandrade.com\/en\/consultaonline\/\",\"url\":\"https:\/\/rolandoandrade.com\/en\/consultaonline\/\",\"name\":\"Consulta Online - Rolando Andrade\",\"isPartOf\":{\"@id\":\"https:\/\/rolandoandrade.com\/#website\"},\"datePublished\":\"2020-03-26T17:52:15+00:00\",\"breadcrumb\":{\"@id\":\"https:\/\/rolandoandrade.com\/en\/consultaonline\/#breadcrumb\"},\"inLanguage\":\"en-US\",\"potentialAction\":[{\"@type\":\"ReadAction\",\"target\":[\"https:\/\/rolandoandrade.com\/en\/consultaonline\/\"]}]},{\"@type\":\"BreadcrumbList\",\"@id\":\"https:\/\/rolandoandrade.com\/en\/consultaonline\/#breadcrumb\",\"itemListElement\":[{\"@type\":\"ListItem\",\"position\":1,\"name\":\"In\u00edcio\",\"item\":\"https:\/\/rolandoandrade.com\/\"},{\"@type\":\"ListItem\",\"position\":2,\"name\":\"Consulta Online\"}]},{\"@type\":\"WebSite\",\"@id\":\"https:\/\/rolandoandrade.com\/#website\",\"url\":\"https:\/\/rolandoandrade.com\/\",\"name\":\"Rolando Andrade\",\"description\":\"Dr. Rolando Andrade - Psic\u00f3logo\",\"potentialAction\":[{\"@type\":\"SearchAction\",\"target\":{\"@type\":\"EntryPoint\",\"urlTemplate\":\"https:\/\/rolandoandrade.com\/?s={search_term_string}\"},\"query-input\":{\"@type\":\"PropertyValueSpecification\",\"valueRequired\":true,\"valueName\":\"search_term_string\"}}],\"inLanguage\":\"en-US\"}]}<\/script>\n<!-- \/ Yoast SEO plugin. -->","yoast_head_json":{"title":"Consulta Online - Rolando Andrade","robots":{"index":"index","follow":"follow","max-snippet":"max-snippet:-1","max-image-preview":"max-image-preview:large","max-video-preview":"max-video-preview:-1"},"canonical":"https:\/\/rolandoandrade.com\/en\/consultaonline\/","og_locale":"en_US","og_type":"article","og_title":"Consulta Online - Rolando Andrade","og_description":"[:pt][vc_row css=&#8221;.vc_custom_1468920572121{padding-bottom: 80px !important;}&#8221;][vc_column width=&#8221;1\/6&#8243;][\/vc_column][vc_column width=&#8221;2\/3&#8243; css=&#8221;.vc_custom_1483095494429{padding-right: 4% !important;}&#8221;][vc_empty_space height=&#8221;48px&#8221;][\/vc_column][vc_column width=&#8221;1\/6&#8243;][\/vc_column][\/vc_row][:]","og_url":"https:\/\/rolandoandrade.com\/en\/consultaonline\/","og_site_name":"Rolando Andrade","article_publisher":"https:\/\/www.facebook.com\/psirolandoandrade\/","twitter_card":"summary_large_image","twitter_misc":{"Est. reading time":"1 minute"},"schema":{"@context":"https:\/\/schema.org","@graph":[{"@type":"WebPage","@id":"https:\/\/rolandoandrade.com\/en\/consultaonline\/","url":"https:\/\/rolandoandrade.com\/en\/consultaonline\/","name":"Consulta Online - Rolando Andrade","isPartOf":{"@id":"https:\/\/rolandoandrade.com\/#website"},"datePublished":"2020-03-26T17:52:15+00:00","breadcrumb":{"@id":"https:\/\/rolandoandrade.com\/en\/consultaonline\/#breadcrumb"},"inLanguage":"en-US","potentialAction":[{"@type":"ReadAction","target":["https:\/\/rolandoandrade.com\/en\/consultaonline\/"]}]},{"@type":"BreadcrumbList","@id":"https:\/\/rolandoandrade.com\/en\/consultaonline\/#breadcrumb","itemListElement":[{"@type":"ListItem","position":1,"name":"In\u00edcio","item":"https:\/\/rolandoandrade.com\/"},{"@type":"ListItem","position":2,"name":"Consulta Online"}]},{"@type":"WebSite","@id":"https:\/\/rolandoandrade.com\/#website","url":"https:\/\/rolandoandrade.com\/","name":"Rolando Andrade","description":"Dr. Rolando Andrade - Psic\u00f3logo","potentialAction":[{"@type":"SearchAction","target":{"@type":"EntryPoint","urlTemplate":"https:\/\/rolandoandrade.com\/?s={search_term_string}"},"query-input":{"@type":"PropertyValueSpecification","valueRequired":true,"valueName":"search_term_string"}}],"inLanguage":"en-US"}]}},"_links":{"self":[{"href":"https:\/\/rolandoandrade.com\/en\/wp-json\/wp\/v2\/pages\/4687","targetHints":{"allow":["GET"]}}],"collection":[{"href":"https:\/\/rolandoandrade.com\/en\/wp-json\/wp\/v2\/pages"}],"about":[{"href":"https:\/\/rolandoandrade.com\/en\/wp-json\/wp\/v2\/types\/page"}],"author":[{"embeddable":true,"href":"https:\/\/rolandoandrade.com\/en\/wp-json\/wp\/v2\/users\/4"}],"replies":[{"embeddable":true,"href":"https:\/\/rolandoandrade.com\/en\/wp-json\/wp\/v2\/comments?post=4687"}],"version-history":[{"count":0,"href":"https:\/\/rolandoandrade.com\/en\/wp-json\/wp\/v2\/pages\/4687\/revisions"}],"wp:attachment":[{"href":"https:\/\/rolandoandrade.com\/en\/wp-json\/wp\/v2\/media?parent=4687"}],"curies":[{"name":"wp","href":"https:\/\/api.w.org\/{rel}","templated":true}]}}