{"id":4690,"date":"2016-12-30T10:56:38","date_gmt":"2016-12-30T10:56:38","guid":{"rendered":"https:\/\/rolandoandrade.com\/curriculum-2\/"},"modified":"2026-01-28T19:25:15","modified_gmt":"2026-01-28T19:25:15","slug":"curriculum-2","status":"publish","type":"page","link":"https:\/\/rolandoandrade.com\/en\/curriculum-2\/","title":{"rendered":"Curriculum"},"content":{"rendered":"<div class=\"wpb-content-wrapper\"><p>[vc_row css=&#8221;.vc_custom_1468920572121{padding-bottom: 80px !important;}&#8221;][vc_column width=&#8221;1\/6&#8243;][\/vc_column][vc_column width=&#8221;2\/3&#8243; css=&#8221;.vc_custom_1483095494429{padding-right: 4% !important;}&#8221;][vc_row_inner][vc_column_inner width=&#8221;1\/4&#8243;][vc_empty_space height=&#8221;62px&#8221;][vc_single_image image=&#8221;4367&#8243; img_size=&#8221;full&#8221;][\/vc_column_inner][vc_column_inner width=&#8221;3\/4&#8243;][vc_empty_space height=&#8221;48px&#8221;]<div class=\"mkd-iwt clearfix mkd-iwt-icon-left mkd-iwt-icon-tiny\" >\n\t<div class=\"mkd-iwt-icon-holder\">\n\t\t\t\t\t<span class=\"mkd-iwt-custom-icon\" ><img loading=\"lazy\" decoding=\"async\" width=\"48\" height=\"48\" src=\"https:\/\/rolandoandrade.com\/wp-content\/uploads\/2021\/07\/iconfinder-social-media-applications-14linkedin-4102586_113786.png\" class=\"attachment-full size-full\" alt=\"\" \/><\/span>\n\t\t\t<\/div>\n\t<div class=\"mkd-iwt-content-holder\" >\n\t\t<div class=\"mkd-iwt-title-holder\">\n\t\t\t<h5 ><\/h5>\n\t<\/div>\n\t<div class=\"mkd-iwt-text-holder\">\n\t\t<p ><\/p>\n\n\t\t\t\t\t<a class=\"mkd-iwt-link\" href=\"https:\/\/www.linkedin.com\/in\/rolandoandrade\/\" target=\"_blank\">Visitar perfil Linkedin<\/a>\n\t\t\t<\/div>\n<\/div>\n<\/div>[vc_empty_space height=&#8221;48px&#8221;]<div class=\"mkd-unordered-list \" >\n<h4 style=\"color: #a6ce39\">FORMA\u00c7\u00c3O ACAD\u00c9MICA<\/h4>\n<ul>\n<li>Licenciatura em Psicologia<\/li>\n<li>Especializa\u00e7\u00e3o em Psicologia Cl\u00ednica e da Sa\u00fade<\/li>\n<li>Especialidade Avan\u00e7ada em Psicoterapia<\/li>\n<li>Especialidade Avan\u00e7ada em Psicologia do Desporto<\/li>\n<li>P\u00f3s-Gradua\u00e7\u00e3o em Psicoterapia Psicanal\u00edtica<\/li>\n<li>P\u00f3s- Gradua\u00e7\u00e3o em Psicologia do Desporto<\/li>\n<\/ul>\n<p>&nbsp;<\/p>\n<h4 style=\"color: #a6ce39\">ACTIVIDADE PROFISSIONAL<\/h4>\n<ul>\n<li>Psic\u00f3logo em contexto cl\u00ednico desde 2001<\/li>\n<li>Psic\u00f3logo na \u00e1rea do desporto desde 2006<\/li>\n<li>Actualmente \u00e9 Psic\u00f3logo no Departamento M\u00e9dico da Federa\u00e7\u00e3o Portuguesa de Ciclismo, trabalhando directamente com as Selec\u00e7\u00f5es Nacionais de Ciclismo, desde Fevereiro de 2013<\/li>\n<li>Formador<\/li>\n<li>Psic\u00f3logo em cursos EFA<\/li>\n<li>Exerceu actividade como Psic\u00f3logo em Institui\u00e7\u00f5es de Solidariedade Social<\/li>\n<li>Exerceu actividade como Psic\u00f3logo num Gabinete de Apoio a V\u00edtimas de Viol\u00eancia Dom\u00e9stica<\/li>\n<li>Exerceu Actividade como Psic\u00f3logo no Bombeiros Volunt\u00e1rios de Estarreja<\/li>\n<\/ul>\n<p>&nbsp;<\/p>\n<h4 style=\"color: #a6ce39\">ACTIVIDADE CIENT\u00cdFICA<\/h4>\n<ul>\n<li>Participa regularmente em Grupos de Discuss\u00e3o e Supervis\u00e3o Cl\u00ednica de casos, no \u00e2mbito da actividade como Psic\u00f3logo Cl\u00ednico.<\/li>\n<li>Palestrante em diversos Congressos e Palestras, na \u00e1rea da Psicologia Cl\u00ednica, da Psicologia do Trabalho e da Psicologia do Desporto.<\/li>\n<\/ul>\n<p>&nbsp;<\/p>\n<h4 style=\"color: #a6ce39\">ACTIVIDADE LECTIVA<\/h4>\n<ul>\n<li>Formador de Psicologia Desportiva em Cursos de Forma\u00e7\u00e3o de Treinadores<\/li>\n<li>Professor convidado de Psicologia em Cursos de P\u00f3s-Gradua\u00e7\u00e3o na Escola Superior de Sa\u00fade da Universidade de Aveiro<\/li>\n<li>Professor convidado de Psicologia do Desporto no Curso de Nutri\u00e7\u00e3o no Desporto- CESPU<\/li>\n<\/ul>\n<p>&nbsp;<\/p>\n<h4 style=\"color: #a6ce39\">\u00c1REAS DE INTERESSE<\/h4>\n<ul>\n<li>Perturba\u00e7\u00f5es de Humor, Perturba\u00e7\u00f5es de Ansiedade, Perturba\u00e7\u00f5es de Personalidade, Psicopatologias<\/li>\n<li>Psicoterapia com crian\u00e7as e adultos<\/li>\n<li>Psicologia do Desporto<\/li>\n<li>Psicologia da Educa\u00e7\u00e3o<\/li>\n<li>Orienta\u00e7\u00e3o Escolar e Profissional<\/li>\n<li>Lideran\u00e7a e Performance Humana<\/li>\n<\/ul>\n<p>&nbsp;<\/p>\n<h4 style=\"color: #a6ce39\">PUBLICA\u00c7\u00d5ES<\/h4>\n<ul>\n<li>Autor da Publica\u00e7\u00e3o\u00a0&#8220;Atletas, Pais e e Treinadores- Din\u00e2micas promotoras do Sucesso&#8221;, Editada pelo Comit\u00e9 Ol\u00edmpico de Portugal e Federa\u00e7\u00e3o Portuguesa de Ciclismo<\/li>\n<\/ul>\n<p>&nbsp;<\/p>\n<p><img loading=\"lazy\" decoding=\"async\" class=\"alignnone size-medium wp-image-4117\" src=\"https:\/\/rolandoandrade.com\/wp-content\/uploads\/2016\/12\/capa-livro-197x300.png\" alt=\"capa livro\" width=\"197\" height=\"300\" srcset=\"https:\/\/rolandoandrade.com\/wp-content\/uploads\/2016\/12\/capa-livro-197x300.png 197w, https:\/\/rolandoandrade.com\/wp-content\/uploads\/2016\/12\/capa-livro.png 494w\" sizes=\"auto, (max-width: 197px) 100vw, 197px\" \/><\/p>\n<ul>\n<li>Autor de artigos sobre Psicologia do Desporto, publicados no site da Federa\u00e7\u00e3o Portuguesa de Ciclismo.<\/li>\n<li>Blogger em sites Internacionais de Psicologia Cl\u00ednica e Psicoterapia<\/li>\n<\/ul>\n<p>&nbsp;<\/p>\n<h4 style=\"color: #a6ce39\">AFILIA\u00c7\u00d5ES<\/h4>\n<ul>\n<li><b><b>Ordem dos Psic\u00f3logos Portugueses\u00a0<\/b><\/b>(C\u00e9dula Profissional O.P.P 4365)<\/li>\n<li><strong>Sociedade Portuguesa de Psicologia do Desporto<\/strong><\/li>\n<li><strong>Sociedade Portuguesa de Psicologia Cl\u00ednica<\/strong><\/li>\n<li><b>APA-\u00a0<em>American Psychological Association<\/em><\/b><\/li>\n<li><strong>APA Division 39-\u00a0<\/strong><em><b>Society for Psychoanalysis and Psychoanalytic Psychology<\/b><\/em><\/li>\n<li><strong>ISSP-\u00a0<em>International Society of Sport Psycholoy<\/em><\/strong><\/li>\n<li><strong>Society for The Advancement of Psychotherapy<\/strong><\/li>\n<\/ul>\n<\/div>[\/vc_column_inner][\/vc_row_inner][\/vc_column][vc_column width=&#8221;1\/6&#8243;][\/vc_column][\/vc_row]<\/p>\n<\/div>","protected":false},"excerpt":{"rendered":"<p>[vc_row css=&#8221;.vc_custom_1468920572121{padding-bottom: 80px !important;}&#8221;][vc_column width=&#8221;1\/6&#8243;][\/vc_column][vc_column width=&#8221;2\/3&#8243; css=&#8221;.vc_custom_1483095494429{padding-right: 4% !important;}&#8221;][vc_row_inner][vc_column_inner width=&#8221;1\/4&#8243;][vc_empty_space height=&#8221;62px&#8221;][vc_single_image image=&#8221;4367&#8243; img_size=&#8221;full&#8221;][\/vc_column_inner][vc_column_inner width=&#8221;3\/4&#8243;][vc_empty_space height=&#8221;48px&#8221;][vc_empty_space height=&#8221;48px&#8221;][\/vc_column_inner][\/vc_row_inner][\/vc_column][vc_column width=&#8221;1\/6&#8243;][\/vc_column][\/vc_row]<\/p>\n","protected":false},"author":4,"featured_media":0,"parent":0,"menu_order":0,"comment_status":"closed","ping_status":"closed","template":"","meta":{"footnotes":"","_links_to":"","_links_to_target":""},"class_list":["post-4690","page","type-page","status-publish","hentry"],"yoast_head":"<!-- This site is optimized with the Yoast SEO plugin v26.9 - https:\/\/yoast.com\/product\/yoast-seo-wordpress\/ -->\n<title>Curriculum - Rolando Andrade<\/title>\n<meta name=\"robots\" content=\"index, follow, max-snippet:-1, max-image-preview:large, max-video-preview:-1\" \/>\n<link rel=\"canonical\" href=\"https:\/\/rolandoandrade.com\/curriculum-2\/\" \/>\n<meta property=\"og:locale\" content=\"en_US\" \/>\n<meta property=\"og:type\" content=\"article\" \/>\n<meta property=\"og:title\" content=\"Curriculum - Rolando Andrade\" \/>\n<meta property=\"og:description\" content=\"[vc_row css=&#8221;.vc_custom_1468920572121{padding-bottom: 80px !important;}&#8221;][vc_column width=&#8221;1\/6&#8243;][\/vc_column][vc_column width=&#8221;2\/3&#8243; css=&#8221;.vc_custom_1483095494429{padding-right: 4% !important;}&#8221;][vc_row_inner][vc_column_inner width=&#8221;1\/4&#8243;][vc_empty_space height=&#8221;62px&#8221;][vc_single_image image=&#8221;4367&#8243; img_size=&#8221;full&#8221;][\/vc_column_inner][vc_column_inner width=&#8221;3\/4&#8243;][vc_empty_space height=&#8221;48px&#8221;][vc_empty_space height=&#8221;48px&#8221;][\/vc_column_inner][\/vc_row_inner][\/vc_column][vc_column width=&#8221;1\/6&#8243;][\/vc_column][\/vc_row]\" \/>\n<meta property=\"og:url\" content=\"https:\/\/rolandoandrade.com\/curriculum-2\/\" \/>\n<meta property=\"og:site_name\" content=\"Rolando Andrade\" \/>\n<meta property=\"article:publisher\" content=\"https:\/\/www.facebook.com\/psirolandoandrade\/\" \/>\n<meta property=\"article:modified_time\" content=\"2026-01-28T19:25:15+00:00\" \/>\n<meta property=\"og:image\" content=\"https:\/\/rolandoandrade.com\/wp-content\/uploads\/2016\/12\/capa-livro-197x300.png\" \/>\n<meta name=\"twitter:card\" content=\"summary_large_image\" \/>\n<meta name=\"twitter:label1\" content=\"Est. reading time\" \/>\n\t<meta name=\"twitter:data1\" content=\"4 minutes\" \/>\n<script type=\"application\/ld+json\" class=\"yoast-schema-graph\">{\"@context\":\"https:\/\/schema.org\",\"@graph\":[{\"@type\":\"WebPage\",\"@id\":\"https:\/\/rolandoandrade.com\/curriculum-2\/\",\"url\":\"https:\/\/rolandoandrade.com\/curriculum-2\/\",\"name\":\"Curriculum - Rolando Andrade\",\"isPartOf\":{\"@id\":\"https:\/\/rolandoandrade.com\/#website\"},\"primaryImageOfPage\":{\"@id\":\"https:\/\/rolandoandrade.com\/curriculum-2\/#primaryimage\"},\"image\":{\"@id\":\"https:\/\/rolandoandrade.com\/curriculum-2\/#primaryimage\"},\"thumbnailUrl\":\"https:\/\/rolandoandrade.com\/wp-content\/uploads\/2016\/12\/capa-livro-197x300.png\",\"datePublished\":\"2016-12-30T10:56:38+00:00\",\"dateModified\":\"2026-01-28T19:25:15+00:00\",\"breadcrumb\":{\"@id\":\"https:\/\/rolandoandrade.com\/curriculum-2\/#breadcrumb\"},\"inLanguage\":\"en-US\",\"potentialAction\":[{\"@type\":\"ReadAction\",\"target\":[\"https:\/\/rolandoandrade.com\/curriculum-2\/\"]}]},{\"@type\":\"ImageObject\",\"inLanguage\":\"en-US\",\"@id\":\"https:\/\/rolandoandrade.com\/curriculum-2\/#primaryimage\",\"url\":\"https:\/\/rolandoandrade.com\/wp-content\/uploads\/2016\/12\/capa-livro-197x300.png\",\"contentUrl\":\"https:\/\/rolandoandrade.com\/wp-content\/uploads\/2016\/12\/capa-livro-197x300.png\"},{\"@type\":\"BreadcrumbList\",\"@id\":\"https:\/\/rolandoandrade.com\/curriculum-2\/#breadcrumb\",\"itemListElement\":[{\"@type\":\"ListItem\",\"position\":1,\"name\":\"In\u00edcio\",\"item\":\"https:\/\/rolandoandrade.com\/\"},{\"@type\":\"ListItem\",\"position\":2,\"name\":\"Curriculum\"}]},{\"@type\":\"WebSite\",\"@id\":\"https:\/\/rolandoandrade.com\/#website\",\"url\":\"https:\/\/rolandoandrade.com\/\",\"name\":\"Rolando Andrade\",\"description\":\"Dr. Rolando Andrade - Psic\u00f3logo\",\"potentialAction\":[{\"@type\":\"SearchAction\",\"target\":{\"@type\":\"EntryPoint\",\"urlTemplate\":\"https:\/\/rolandoandrade.com\/?s={search_term_string}\"},\"query-input\":{\"@type\":\"PropertyValueSpecification\",\"valueRequired\":true,\"valueName\":\"search_term_string\"}}],\"inLanguage\":\"en-US\"}]}<\/script>\n<!-- \/ Yoast SEO plugin. -->","yoast_head_json":{"title":"Curriculum - Rolando Andrade","robots":{"index":"index","follow":"follow","max-snippet":"max-snippet:-1","max-image-preview":"max-image-preview:large","max-video-preview":"max-video-preview:-1"},"canonical":"https:\/\/rolandoandrade.com\/curriculum-2\/","og_locale":"en_US","og_type":"article","og_title":"Curriculum - Rolando Andrade","og_description":"[vc_row css=&#8221;.vc_custom_1468920572121{padding-bottom: 80px !important;}&#8221;][vc_column width=&#8221;1\/6&#8243;][\/vc_column][vc_column width=&#8221;2\/3&#8243; css=&#8221;.vc_custom_1483095494429{padding-right: 4% !important;}&#8221;][vc_row_inner][vc_column_inner width=&#8221;1\/4&#8243;][vc_empty_space height=&#8221;62px&#8221;][vc_single_image image=&#8221;4367&#8243; img_size=&#8221;full&#8221;][\/vc_column_inner][vc_column_inner width=&#8221;3\/4&#8243;][vc_empty_space height=&#8221;48px&#8221;][vc_empty_space height=&#8221;48px&#8221;][\/vc_column_inner][\/vc_row_inner][\/vc_column][vc_column width=&#8221;1\/6&#8243;][\/vc_column][\/vc_row]","og_url":"https:\/\/rolandoandrade.com\/curriculum-2\/","og_site_name":"Rolando Andrade","article_publisher":"https:\/\/www.facebook.com\/psirolandoandrade\/","article_modified_time":"2026-01-28T19:25:15+00:00","og_image":[{"url":"https:\/\/rolandoandrade.com\/wp-content\/uploads\/2016\/12\/capa-livro-197x300.png","type":"","width":"","height":""}],"twitter_card":"summary_large_image","twitter_misc":{"Est. reading time":"4 minutes"},"schema":{"@context":"https:\/\/schema.org","@graph":[{"@type":"WebPage","@id":"https:\/\/rolandoandrade.com\/curriculum-2\/","url":"https:\/\/rolandoandrade.com\/curriculum-2\/","name":"Curriculum - Rolando Andrade","isPartOf":{"@id":"https:\/\/rolandoandrade.com\/#website"},"primaryImageOfPage":{"@id":"https:\/\/rolandoandrade.com\/curriculum-2\/#primaryimage"},"image":{"@id":"https:\/\/rolandoandrade.com\/curriculum-2\/#primaryimage"},"thumbnailUrl":"https:\/\/rolandoandrade.com\/wp-content\/uploads\/2016\/12\/capa-livro-197x300.png","datePublished":"2016-12-30T10:56:38+00:00","dateModified":"2026-01-28T19:25:15+00:00","breadcrumb":{"@id":"https:\/\/rolandoandrade.com\/curriculum-2\/#breadcrumb"},"inLanguage":"en-US","potentialAction":[{"@type":"ReadAction","target":["https:\/\/rolandoandrade.com\/curriculum-2\/"]}]},{"@type":"ImageObject","inLanguage":"en-US","@id":"https:\/\/rolandoandrade.com\/curriculum-2\/#primaryimage","url":"https:\/\/rolandoandrade.com\/wp-content\/uploads\/2016\/12\/capa-livro-197x300.png","contentUrl":"https:\/\/rolandoandrade.com\/wp-content\/uploads\/2016\/12\/capa-livro-197x300.png"},{"@type":"BreadcrumbList","@id":"https:\/\/rolandoandrade.com\/curriculum-2\/#breadcrumb","itemListElement":[{"@type":"ListItem","position":1,"name":"In\u00edcio","item":"https:\/\/rolandoandrade.com\/"},{"@type":"ListItem","position":2,"name":"Curriculum"}]},{"@type":"WebSite","@id":"https:\/\/rolandoandrade.com\/#website","url":"https:\/\/rolandoandrade.com\/","name":"Rolando Andrade","description":"Dr. Rolando Andrade - Psic\u00f3logo","potentialAction":[{"@type":"SearchAction","target":{"@type":"EntryPoint","urlTemplate":"https:\/\/rolandoandrade.com\/?s={search_term_string}"},"query-input":{"@type":"PropertyValueSpecification","valueRequired":true,"valueName":"search_term_string"}}],"inLanguage":"en-US"}]}},"_links":{"self":[{"href":"https:\/\/rolandoandrade.com\/en\/wp-json\/wp\/v2\/pages\/4690","targetHints":{"allow":["GET"]}}],"collection":[{"href":"https:\/\/rolandoandrade.com\/en\/wp-json\/wp\/v2\/pages"}],"about":[{"href":"https:\/\/rolandoandrade.com\/en\/wp-json\/wp\/v2\/types\/page"}],"author":[{"embeddable":true,"href":"https:\/\/rolandoandrade.com\/en\/wp-json\/wp\/v2\/users\/4"}],"replies":[{"embeddable":true,"href":"https:\/\/rolandoandrade.com\/en\/wp-json\/wp\/v2\/comments?post=4690"}],"version-history":[{"count":1,"href":"https:\/\/rolandoandrade.com\/en\/wp-json\/wp\/v2\/pages\/4690\/revisions"}],"predecessor-version":[{"id":4704,"href":"https:\/\/rolandoandrade.com\/en\/wp-json\/wp\/v2\/pages\/4690\/revisions\/4704"}],"wp:attachment":[{"href":"https:\/\/rolandoandrade.com\/en\/wp-json\/wp\/v2\/media?parent=4690"}],"curies":[{"name":"wp","href":"https:\/\/api.w.org\/{rel}","templated":true}]}}